{"id":354,"date":"2020-06-20T12:26:43","date_gmt":"2020-06-20T12:26:43","guid":{"rendered":"http:\/\/klostercafe-ochsenhausen.de\/?page_id=354"},"modified":"2021-03-14T13:58:58","modified_gmt":"2021-03-14T13:58:58","slug":"lust-auf-richtigen-capuccino","status":"publish","type":"page","link":"https:\/\/klostercafe-ochsenhausen.de\/?page_id=354","title":{"rendered":"Lust auf richtigen Cappuccino?"},"content":{"rendered":"<p>Die Grundlage f\u00fcr den Cappuccino ist ein Espresso. Der wird traditionell mit einer &#8222;Siebtr\u00e4germaschine&#8220; hergestellt. Kaffee-Vollautomaten liefern in der Regel ein solides Ergebnis, reichen aber nicht an den handgemachten Cappuccino heran.&nbsp;<\/p>\n<p>Ein guter Cappuccino steht und f\u00e4llt mit der Qualit\u00e4t des Espresso und des Schaumes. Der ideale Milchschaum erinnert in seiner Konsistenz an halbfl\u00fcssige Sahne.<\/p>\n<p>Wer den perfekten Cappuccino trinken will, braucht die richtigen Tasse. Eine klassische Cappuccinotasse fasst ca. 125-180 ml und ist aus Porzellan, so dass der Cappuccino lange warm bleibt.<\/p>\n<p>Der Cappuccino kommt urspr\u00fcnglich aus \u00d6sterreich und wurde in Italien durch die Entwicklung der Espressomaschine mit Dampfdruck perfektioniert. Der Name Cappuccino geht auf das italienische Wort &#8222;cappuccio&#8220; (Kapuze) zur\u00fcck.<\/p>\n<p>Heute ist der Cappuccino aus keinem Caf\u00e9 der Welt mehr wegzudenken Er ist das meist&nbsp; getrunkene espressobasierte Hei\u00dfgetr\u00e4nk.<\/p>\n<p>\u00dcbrigens&#8230;&#8230;..<\/p>\n<p>ein &#8222;gro\u00dfer&#8220; Cappuccino hat mit einem Cappuccino nichts mehr zu tun, Er f\u00fcllt nur den Geldbeutel des Kaffeehaus-Besitzers.<\/p>\n<p><img fetchpriority=\"high\" decoding=\"async\" class=\"alignleft wp-image-357 size-large\" src=\"http:\/\/klostercafe-ochsenhausen.de\/wp-content\/uploads\/2020\/06\/20200620_135426-1024x768.jpg\" alt=\"\" width=\"525\" height=\"394\" srcset=\"https:\/\/klostercafe-ochsenhausen.de\/wp-content\/uploads\/2020\/06\/20200620_135426-1024x768.jpg 1024w, https:\/\/klostercafe-ochsenhausen.de\/wp-content\/uploads\/2020\/06\/20200620_135426-300x225.jpg 300w, https:\/\/klostercafe-ochsenhausen.de\/wp-content\/uploads\/2020\/06\/20200620_135426-768x576.jpg 768w, https:\/\/klostercafe-ochsenhausen.de\/wp-content\/uploads\/2020\/06\/20200620_135426-1536x1152.jpg 1536w, https:\/\/klostercafe-ochsenhausen.de\/wp-content\/uploads\/2020\/06\/20200620_135426-2048x1536.jpg 2048w\" sizes=\"(max-width: 525px) 100vw, 525px\" \/><\/p>\n","protected":false},"excerpt":{"rendered":"<p>Die Grundlage f\u00fcr den Cappuccino ist ein Espresso. Der wird traditionell mit einer &#8222;Siebtr\u00e4germaschine&#8220; hergestellt. Kaffee-Vollautomaten liefern in der Regel ein solides Ergebnis, reichen aber nicht an den handgemachten Cappuccino heran.&nbsp; Ein guter Cappuccino steht und f\u00e4llt mit der Qualit\u00e4t des Espresso und des Schaumes. Der ideale Milchschaum erinnert in seiner Konsistenz an halbfl\u00fcssige Sahne. &hellip; <\/p>\n<p class=\"link-more\"><a href=\"https:\/\/klostercafe-ochsenhausen.de\/?page_id=354\" class=\"more-link\"><span class=\"screen-reader-text\">\u201eLust auf richtigen Cappuccino?\u201c<\/span> weiterlesen<\/a><\/p>\n","protected":false},"author":2,"featured_media":0,"parent":0,"menu_order":0,"comment_status":"closed","ping_status":"closed","template":"","meta":{"ngg_post_thumbnail":0,"footnotes":""},"class_list":["post-354","page","type-page","status-publish","hentry"],"publishpress_future_action":{"enabled":false,"date":"2026-05-01 14:05:58","action":"change-status","newStatus":"draft","terms":[],"taxonomy":"","extraData":[]},"publishpress_future_workflow_manual_trigger":{"enabledWorkflows":[]},"_links":{"self":[{"href":"https:\/\/klostercafe-ochsenhausen.de\/index.php?rest_route=\/wp\/v2\/pages\/354","targetHints":{"allow":["GET"]}}],"collection":[{"href":"https:\/\/klostercafe-ochsenhausen.de\/index.php?rest_route=\/wp\/v2\/pages"}],"about":[{"href":"https:\/\/klostercafe-ochsenhausen.de\/index.php?rest_route=\/wp\/v2\/types\/page"}],"author":[{"embeddable":true,"href":"https:\/\/klostercafe-ochsenhausen.de\/index.php?rest_route=\/wp\/v2\/users\/2"}],"replies":[{"embeddable":true,"href":"https:\/\/klostercafe-ochsenhausen.de\/index.php?rest_route=%2Fwp%2Fv2%2Fcomments&post=354"}],"version-history":[{"count":9,"href":"https:\/\/klostercafe-ochsenhausen.de\/index.php?rest_route=\/wp\/v2\/pages\/354\/revisions"}],"predecessor-version":[{"id":610,"href":"https:\/\/klostercafe-ochsenhausen.de\/index.php?rest_route=\/wp\/v2\/pages\/354\/revisions\/610"}],"wp:attachment":[{"href":"https:\/\/klostercafe-ochsenhausen.de\/index.php?rest_route=%2Fwp%2Fv2%2Fmedia&parent=354"}],"curies":[{"name":"wp","href":"https:\/\/api.w.org\/{rel}","templated":true}]}}