{"id":52,"date":"2019-01-17T14:01:13","date_gmt":"2019-01-17T14:01:13","guid":{"rendered":"http:\/\/klostercafe-ochsenhausen.de\/?page_id=52"},"modified":"2022-08-01T12:55:25","modified_gmt":"2022-08-01T12:55:25","slug":"speisen","status":"publish","type":"page","link":"https:\/\/klostercafe-ochsenhausen.de\/?page_id=52","title":{"rendered":"Speisen"},"content":{"rendered":"\r\n<p>Nachmittags erwartet unsere G\u00e4ste ein kleines aber ausgesuchtes Kuchen- und Tortenangebot im wechselnden Angebot je nach Jahreszeit.<\/p>\r\n<p><img fetchpriority=\"high\" decoding=\"async\" class=\"alignnone wp-image-167 size-large\" src=\"http:\/\/klostercafe-ochsenhausen.de\/wp-content\/uploads\/2019\/01\/IPX7140a-1024x681.jpg\" alt=\"\" width=\"525\" height=\"349\" srcset=\"https:\/\/klostercafe-ochsenhausen.de\/wp-content\/uploads\/2019\/01\/IPX7140a-1024x681.jpg 1024w, https:\/\/klostercafe-ochsenhausen.de\/wp-content\/uploads\/2019\/01\/IPX7140a-300x200.jpg 300w, https:\/\/klostercafe-ochsenhausen.de\/wp-content\/uploads\/2019\/01\/IPX7140a-768x511.jpg 768w, https:\/\/klostercafe-ochsenhausen.de\/wp-content\/uploads\/2019\/01\/IPX7140a.jpg 1920w\" sizes=\"(max-width: 525px) 100vw, 525px\" \/><\/p>\r\n\r\n\r\n\r\n<p>Dazu bieten wir Belgische Waffeln in verschiedenen Variationen.<\/p>\r\n\r\n\r\n\r\n<p><img decoding=\"async\" class=\"alignnone wp-image-166 size-large\" src=\"http:\/\/klostercafe-ochsenhausen.de\/wp-content\/uploads\/2019\/01\/IPX7081a-1024x681.jpg\" alt=\"\" width=\"525\" height=\"349\" srcset=\"https:\/\/klostercafe-ochsenhausen.de\/wp-content\/uploads\/2019\/01\/IPX7081a-1024x681.jpg 1024w, https:\/\/klostercafe-ochsenhausen.de\/wp-content\/uploads\/2019\/01\/IPX7081a-300x200.jpg 300w, https:\/\/klostercafe-ochsenhausen.de\/wp-content\/uploads\/2019\/01\/IPX7081a-768x511.jpg 768w, https:\/\/klostercafe-ochsenhausen.de\/wp-content\/uploads\/2019\/01\/IPX7081a.jpg 1920w\" sizes=\"(max-width: 525px) 100vw, 525px\" \/><\/p>\r\n<p><strong>&nbsp;Neu ist unser w\u00f6chentlich wechselndes Angebot am Freitagabend. Hier&nbsp; &nbsp;bieten wir unsere&nbsp; <\/strong><strong style=\"font-size: 1rem;\">hausgemachten Maultaschen mit Salat (klassisch oder vegetarisch) und unsere bekannten Flammkuchen in 4 Variationen an.<\/strong><\/p>\r\n<p>Von November bis Januar bieten wir als stimmungsvolles Highlight das <strong>K\u00e4sefondue bei Kerzenlicht.&nbsp;<\/strong><\/p>\r\n<p>Genie\u00dfen Sie in romantischer Atmosph\u00e4re unser original Schweizer K\u00e4sefondue mit ger\u00f6stetem Brot und Beilagen. Buchbar jeweils f\u00fcr 2 Personen bzw. 1 Person. Dazu einen Wei\u00dfwein und zum Abschluss ein Kirschw\u00e4sserli.&nbsp;<\/p>\r\n<p>&nbsp; &nbsp; &nbsp; &nbsp; &nbsp; &nbsp; &nbsp;<\/p>\r\n<p>&nbsp;<\/p>\r\n<p>Bitte beachten Sie spezielle Angebote wie z.B.&nbsp; ein Themenabend&nbsp; in den einzelnen Jahreszeiten und zu Events in Ochsenhausen. Diese geben wir rechtzeitig auf unserer Homepage bekannt.&nbsp;<\/p>\r\n","protected":false},"excerpt":{"rendered":"<p>Nachmittags erwartet unsere G\u00e4ste ein kleines aber ausgesuchtes Kuchen- und Tortenangebot im wechselnden Angebot je nach Jahreszeit. Dazu bieten wir Belgische Waffeln in verschiedenen Variationen. &nbsp;Neu ist unser w\u00f6chentlich wechselndes Angebot am Freitagabend. Hier&nbsp; &nbsp;bieten wir unsere&nbsp; hausgemachten Maultaschen mit Salat (klassisch oder vegetarisch) und unsere bekannten Flammkuchen in 4 Variationen an. Von November bis &hellip; <\/p>\n<p class=\"link-more\"><a href=\"https:\/\/klostercafe-ochsenhausen.de\/?page_id=52\" class=\"more-link\"><span class=\"screen-reader-text\">\u201eSpeisen\u201c<\/span> weiterlesen<\/a><\/p>\n","protected":false},"author":1,"featured_media":0,"parent":0,"menu_order":0,"comment_status":"closed","ping_status":"closed","template":"","meta":{"ngg_post_thumbnail":0,"footnotes":""},"class_list":["post-52","page","type-page","status-publish","hentry"],"publishpress_future_action":{"enabled":false,"date":"2026-05-01 14:06:28","action":"change-status","newStatus":"draft","terms":[],"taxonomy":"","extraData":[]},"publishpress_future_workflow_manual_trigger":{"enabledWorkflows":[]},"_links":{"self":[{"href":"https:\/\/klostercafe-ochsenhausen.de\/index.php?rest_route=\/wp\/v2\/pages\/52","targetHints":{"allow":["GET"]}}],"collection":[{"href":"https:\/\/klostercafe-ochsenhausen.de\/index.php?rest_route=\/wp\/v2\/pages"}],"about":[{"href":"https:\/\/klostercafe-ochsenhausen.de\/index.php?rest_route=\/wp\/v2\/types\/page"}],"author":[{"embeddable":true,"href":"https:\/\/klostercafe-ochsenhausen.de\/index.php?rest_route=\/wp\/v2\/users\/1"}],"replies":[{"embeddable":true,"href":"https:\/\/klostercafe-ochsenhausen.de\/index.php?rest_route=%2Fwp%2Fv2%2Fcomments&post=52"}],"version-history":[{"count":10,"href":"https:\/\/klostercafe-ochsenhausen.de\/index.php?rest_route=\/wp\/v2\/pages\/52\/revisions"}],"predecessor-version":[{"id":940,"href":"https:\/\/klostercafe-ochsenhausen.de\/index.php?rest_route=\/wp\/v2\/pages\/52\/revisions\/940"}],"wp:attachment":[{"href":"https:\/\/klostercafe-ochsenhausen.de\/index.php?rest_route=%2Fwp%2Fv2%2Fmedia&parent=52"}],"curies":[{"name":"wp","href":"https:\/\/api.w.org\/{rel}","templated":true}]}}